{"id":629,"date":"2024-10-16T14:05:06","date_gmt":"2024-10-16T12:05:06","guid":{"rendered":"https:\/\/canaventura.es\/politique-de-confidentialite\/"},"modified":"2024-10-16T14:05:06","modified_gmt":"2024-10-16T12:05:06","slug":"politique-de-confidentialite","status":"publish","type":"page","link":"https:\/\/canaventura.es\/fr\/politique-de-confidentialite\/","title":{"rendered":"Politique de Confidentialit\u00e9"},"content":{"rendered":"<section class=\"politica-privacidad\">\n<h2>1. D\u00c9TAILS DE NOTRE POLITIQUE DE CONFIDENTIALIT\u00c9<\/h2>\n<h3>1.- INFORMATIONS G\u00c9N\u00c9RALES<\/h3>\n<p>La pr\u00e9sente \u00ab Politique de confidentialit\u00e9 et de protection des donn\u00e9es \u00bb a pour objet de vous informer des conditions r\u00e9gissant la collecte et le traitement de vos donn\u00e9es personnelles par notre entit\u00e9 ou groupe d&rsquo;entreprises afin de prot\u00e9ger vos droits fondamentaux, votre honneur et vos libert\u00e9s, conform\u00e9ment \u00e0 la r\u00e9glementation en vigueur dans l&rsquo;Union europ\u00e9enne et en Espagne.<\/p>\n<p>Conform\u00e9ment \u00e0 cette r\u00e9glementation, nous avons besoin de votre autorisation et de votre consentement pour la collecte et le traitement de vos donn\u00e9es personnelles. Par cons\u00e9quent, nous vous fournissons ci-dessous toutes les informations utiles concernant la mani\u00e8re dont nous effectuons ces traitements, leurs finalit\u00e9s, les autres entit\u00e9s susceptibles d&rsquo;avoir acc\u00e8s \u00e0 vos donn\u00e9es et vos droits.<\/p>\n<p>Apr\u00e8s lecture de notre politique de protection des donn\u00e9es, il est essentiel que vous l\u2019acceptiez comme preuve de votre accord et de votre consentement.<\/p>\n<h3>2.- RESPONSABLE DU TRAITEMENT<\/h3>\n<p><strong>Qui collecte et traite vos donn\u00e9es ?<\/strong><br \/>\nCANAVENTURA SERVICES CANARIAS S.L. \u2013 CIF B76564814<br \/>\nAGENCE DE VOYAGES : I-AV-0003272.1<br \/>\nCalle H\u00e9rcules, 1 Local 10-D \u2013 38630 Costa Del Silencio \u2013 Arona \u2013 T\u00e9n\u00e9rife<br \/>\nT\u00e9l\u00e9phones : 922 92 92 81 \/ 686 91 53 12<br \/>\nEmail : <a href=\"mailto:info@canaventura.es\">info@canaventura.es<\/a><\/p>\n<h3>3.- MESURES DE S\u00c9CURIT\u00c9<\/h3>\n<p><strong>Que faisons-nous pour garantir la confidentialit\u00e9 de vos donn\u00e9es ?<\/strong><br \/>\nNotre entreprise adopte les mesures techniques et organisationnelles n\u00e9cessaires pour garantir la s\u00e9curit\u00e9 de vos donn\u00e9es et emp\u00eacher leur alt\u00e9ration, perte, traitement ou acc\u00e8s non autoris\u00e9.<br \/>\nMesures principales :<\/p>\n<ul>\n<li>Confidentialit\u00e9, int\u00e9grit\u00e9, disponibilit\u00e9 et r\u00e9silience des syst\u00e8mes et services.<\/li>\n<li>Restauration rapide des donn\u00e9es apr\u00e8s incident.<\/li>\n<li>\u00c9valuation r\u00e9guli\u00e8re de l\u2019efficacit\u00e9 des mesures mises en place.<\/li>\n<li>Pseudonymisation et chiffrement des donn\u00e9es sensibles.<\/li>\n<\/ul>\n<h3>4.- FINALIT\u00c9 DU TRAITEMENT<\/h3>\n<p><strong>Pourquoi traitons-nous vos donn\u00e9es ?<\/strong><\/p>\n<ul>\n<li>Courriel : communications par email<\/li>\n<li>Formulaires web : r\u00e9ponses aux demandes<\/li>\n<li>Abonn\u00e9s : marketing et prospection<\/li>\n<li>Communications commerciales : publicit\u00e9<\/li>\n<li>R\u00e9seaux sociaux : partage d\u2019informations<\/li>\n<li>WhatsApp : messagerie instantan\u00e9e<\/li>\n<li>Voyages : gestion clients\/fournisseurs<\/li>\n<li>Protection des donn\u00e9es : respect de la l\u00e9gislation<\/li>\n<\/ul>\n<p><strong>Dur\u00e9e de conservation :<\/strong><\/p>\n<ul>\n<li>Courriel : 6 ans<\/li>\n<li>Formulaires web : 1 an<\/li>\n<li>Abonn\u00e9s : jusqu\u2019\u00e0 demande de suppression<\/li>\n<li>WhatsApp : 6 ans<\/li>\n<li>Voyages : 5 ans<\/li>\n<li>Protection des donn\u00e9es : 5 ans<\/li>\n<\/ul>\n<h3>5.- BASE JURIDIQUE DU TRAITEMENT<\/h3>\n<p><strong>Pourquoi est-ce l\u00e9gal ?<\/strong><\/p>\n<ul>\n<li>Int\u00e9r\u00eat l\u00e9gitime ou consentement explicite selon le cas<\/li>\n<li>Relation contractuelle pour la gestion des voyages<\/li>\n<li>Obligation l\u00e9gale pour la protection des donn\u00e9es<\/li>\n<\/ul>\n<h3>6.- DESTINATAIRES DE VOS DONN\u00c9ES<\/h3>\n<p><strong>Partage des donn\u00e9es au sein de l\u2019UE :<\/strong><\/p>\n<ul>\n<li>R\u00e9seaux sociaux<\/li>\n<li>Fournisseurs de t\u00e9l\u00e9communications<\/li>\n<li>Banques, compagnies d\u2019assurances, tour-op\u00e9rateurs<\/li>\n<li>Administration publique, AEPD<\/li>\n<\/ul>\n<p><strong>Transferts internationaux :<\/strong> Certains services impliquent des transferts hors UE, avec des garanties de protection ad\u00e9quates.<\/p>\n<h3>7.- ORIGINE ET TYPES DE DONN\u00c9ES TRAIT\u00c9ES<\/h3>\n<p><strong>Origine :<\/strong> personne concern\u00e9e ou son repr\u00e9sentant l\u00e9gal.<br \/>\n<strong>Donn\u00e9es trait\u00e9es :<\/strong><\/p>\n<ul>\n<li>Identit\u00e9 : nom, pr\u00e9nom, adresse, t\u00e9l\u00e9phone, email<\/li>\n<li>Donn\u00e9es financi\u00e8res : comptes, cartes, transactions<\/li>\n<li>Donn\u00e9es professionnelles : poste (employ\u00e9s)<\/li>\n<\/ul>\n<h3>8.- DROITS DES PERSONNES CONCERN\u00c9ES<\/h3>\n<ul>\n<li>Acc\u00e8s<\/li>\n<li>Rectification<\/li>\n<li>Suppression (droit \u00e0 l\u2019oubli)<\/li>\n<li>Limitation \/ Opposition<\/li>\n<li>Portabilit\u00e9<\/li>\n<li>Retrait du consentement<\/li>\n<li>R\u00e9clamation aupr\u00e8s de l\u2019AEPD<\/li>\n<\/ul>\n<p><strong>Exercice des droits :<\/strong><br \/>\nEnvoyez votre demande \u00e0 <a href=\"mailto:info@canaventura.es\">info@canaventura.es<\/a><br \/>\nou par courrier \u00e0 : Calle H\u00e9rcules, 1 Local 10-D \u2013 38630 Costa del Silencio \u2013 Arona \u2013 T\u00e9n\u00e9rife \u2013 Espagne<\/p>\n<div class=\"reclamacion\">\n<strong>R\u00e9clamation :<\/strong><br \/>\nAgence espagnole de protection des donn\u00e9es<br \/>\nC\/. Jorge Juan, 6 \u2013 28001 Madrid \u2013 Espagne<br \/>\nEmail : <a href=\"mailto:info@agpd.es\">info@agpd.es<\/a><br \/>\nT\u00e9l\u00e9phone : 912 66 35 17<br \/>\nSite : <a href=\"https:\/\/www.agpd.es\" target=\"_blank\" rel=\"noopener\">https:\/\/www.agpd.es<\/a>\n<\/div>\n<h3>9.- CONSENTEMENT ET ACCEPTATION<\/h3>\n<p>L\u2019acceptation de ce document implique que vous comprenez et acceptez toutes les clauses de notre politique de confidentialit\u00e9 et autorisez ainsi la collecte et le traitement de vos donn\u00e9es personnelles dans ces termes. Cette acceptation se mat\u00e9rialise par la case coch\u00e9e \u00ab Lecture et acceptation \u00bb.<\/p>\n<\/section>\n","protected":false},"excerpt":{"rendered":"<p>1. D\u00c9TAILS DE NOTRE POLITIQUE DE CONFIDENTIALIT\u00c9 1.- INFORMATIONS G\u00c9N\u00c9RALES La pr\u00e9sente \u00ab Politique de confidentialit\u00e9 et de protection des donn\u00e9es \u00bb a pour objet de vous informer des conditions r\u00e9gissant la collecte et le traitement de vos donn\u00e9es personnelles par notre entit\u00e9 ou groupe d&rsquo;entreprises afin de prot\u00e9ger vos droits fondamentaux, votre honneur et [&hellip;]<\/p>\n","protected":false},"author":1,"featured_media":225,"parent":0,"menu_order":0,"comment_status":"closed","ping_status":"closed","template":"page-templates\/textos.php","meta":{"_genesis_hide_title":false,"_genesis_hide_breadcrumbs":false,"_genesis_hide_singular_image":false,"_genesis_hide_footer_widgets":false,"_genesis_custom_body_class":"","_genesis_custom_post_class":"","_genesis_layout":"","footnotes":""},"class_list":{"0":"post-629","1":"page","2":"type-page","3":"status-publish","4":"has-post-thumbnail","6":"entry"},"aioseo_notices":[],"_links":{"self":[{"href":"https:\/\/canaventura.es\/fr\/wp-json\/wp\/v2\/pages\/629","targetHints":{"allow":["GET"]}}],"collection":[{"href":"https:\/\/canaventura.es\/fr\/wp-json\/wp\/v2\/pages"}],"about":[{"href":"https:\/\/canaventura.es\/fr\/wp-json\/wp\/v2\/types\/page"}],"author":[{"embeddable":true,"href":"https:\/\/canaventura.es\/fr\/wp-json\/wp\/v2\/users\/1"}],"replies":[{"embeddable":true,"href":"https:\/\/canaventura.es\/fr\/wp-json\/wp\/v2\/comments?post=629"}],"version-history":[{"count":0,"href":"https:\/\/canaventura.es\/fr\/wp-json\/wp\/v2\/pages\/629\/revisions"}],"wp:featuredmedia":[{"embeddable":true,"href":"https:\/\/canaventura.es\/fr\/wp-json\/wp\/v2\/media\/225"}],"wp:attachment":[{"href":"https:\/\/canaventura.es\/fr\/wp-json\/wp\/v2\/media?parent=629"}],"curies":[{"name":"wp","href":"https:\/\/api.w.org\/{rel}","templated":true}]}}