{"id":540,"date":"2025-04-08T14:12:30","date_gmt":"2025-04-08T12:12:30","guid":{"rendered":"https:\/\/canaventura.es\/objectifs-de-developpement-durable\/"},"modified":"2025-07-31T16:26:57","modified_gmt":"2025-07-31T14:26:57","slug":"objectifs-de-developpement-durable","status":"publish","type":"page","link":"https:\/\/canaventura.es\/fr\/objectifs-de-developpement-durable\/","title":{"rendered":"Objectifs de d\u00e9veloppement durable"},"content":{"rendered":"<p><img loading=\"lazy\" decoding=\"async\" class=\"odd-image-center\" src=\"https:\/\/voyagescanaries.com\/wp-content\/uploads\/2025\/03\/0-1024x686.jpg\" alt=\"Objectifs de D\u00e9veloppement Durable\" width=\"1024\" height=\"686\" \/><\/p>\n<div class=\"odd-container\">\n<div><b><i><span lang=\"FR\">Notre mission en mati\u00e8re de durabilit\u00e9\u00a0:<\/span><\/i><\/b><i><span lang=\"FR\"><br \/>\n\u00ab Notre mission est de soutenir une soci\u00e9t\u00e9 durable et un commerce durable en guidant toutes les parties prenantes vers une plus grande sensibilisation \u00e0 la durabilit\u00e9. Nous visons \u00e0 atteindre cet objectif en minimisant et en att\u00e9nuant les impacts n\u00e9gatifs sur l&rsquo;environnement naturel tout en contribuant activement \u00e0 notre communaut\u00e9 locale et \u00e0 la soci\u00e9t\u00e9 en g\u00e9n\u00e9ral. \u00bb<\/span><\/i><\/div>\n<div><\/div>\n<div class=\"odd-text\">Le 25 septembre 2015, plus de 150 chefs d&rsquo;\u00c9tat et de gouvernement du monde entier ont adopt\u00e9 l&rsquo;Agenda 2030.<br \/>\nCelui-ci contient les 17 Objectifs de d\u00e9veloppement durable, un ensemble d&rsquo;objectifs mondiaux con\u00e7us pour<br \/>\n\u00e9radiquer la pauvret\u00e9, prot\u00e9ger la plan\u00e8te et assurer la prosp\u00e9rit\u00e9 mondiale.<\/div>\n<p><img loading=\"lazy\" decoding=\"async\" class=\"alignnone size-thumbnail wp-image-145\" src=\"https:\/\/voyagescanaries.com\/wp-content\/uploads\/2025\/03\/1-150x150.png\" alt=\"\" width=\"150\" height=\"150\" \/><\/p>\n<div class=\"odd-text\">Chacun des Objectifs de d\u00e9veloppement durable est assorti de cibles sp\u00e9cifiques \u00e0 atteindre d&rsquo;ici 2030.<br \/>\nIl est important que les gouvernements, les entreprises et les citoyens connaissent ces objectifs afin de contribuer \u00e0 leur r\u00e9alisation.<\/div>\n<div class=\"odd-title-main\"><strong>Objectifs de d\u00e9veloppement durable<\/strong><\/div>\n<div class=\"odd-title-company\"><strong>CANAVENTURA SERVICES CANARIAS SL<\/strong><\/div>\n<div class=\"odd-description\"><strong>CANAVENTURA SERVICES CANARIAS SL<\/strong>, par le biais de sa politique de responsabilit\u00e9 sociale, vise \u00e0 \u00eatre une entreprise durable<br \/>\nqui contribue activement et volontairement \u00e0 l&rsquo;am\u00e9lioration sociale, \u00e9conomique et environnementale de son environnement<br \/>\nimm\u00e9diat, de Tenerife, de l&rsquo;archipel des Canaries dans son ensemble et de la plan\u00e8te en g\u00e9n\u00e9ral.<\/div>\n<div class=\"odd-subtitle\">Notre engagement avec les ODD<\/div>\n<div class=\"objectif-block\">\n<p><img decoding=\"async\" src=\"https:\/\/voyagescanaries.com\/wp-content\/uploads\/2025\/03\/2-150x150.png\" alt=\"Objectif 1\" \/><\/p>\n<div class=\"objectif-text\"><strong>Objectif 1 : mettre fin \u00e0 la pauvret\u00e9.<br \/>\n<\/strong>Notre entreprise contribue chaque jour \u00e0 g\u00e9n\u00e9rer de l&rsquo;activit\u00e9 \u00e9conomique et de l&#8217;emploi en collaborant avec les petites entreprises, les artisans et les agriculteurs locaux. Nous participons \u00e0 des cours de formation professionnelle afin de cr\u00e9er des opportunit\u00e9s de nouveaux emplois qualifi\u00e9s pour les jeunes de l\u2019\u00eele.<\/div>\n<\/div>\n<div class=\"objectif-block\">\n<p><img decoding=\"async\" src=\"https:\/\/voyagescanaries.com\/wp-content\/uploads\/2025\/03\/3-150x150.png\" alt=\"Objectif 2\" \/><\/p>\n<div class=\"objectif-text\"><strong>Objectif 2:\u00e9radiquer la faim.<br \/>\n<\/strong>Nous contribuons \u00e0 la productivit\u00e9 de l&rsquo;agriculture et de l&rsquo;\u00e9levage en consommant et en collaborant avec les petites entreprises locales.<\/div>\n<\/div>\n<div class=\"objectif-block\">\n<p><img decoding=\"async\" src=\"https:\/\/voyagescanaries.com\/wp-content\/uploads\/2025\/03\/4-150x150.png\" alt=\"Objectif 3\" \/><\/p>\n<div class=\"objectif-text\"><strong>Objectif 3: Sant\u00e9 et bien-\u00eatre pour tous.<\/strong><br \/>\nNous promouvons le tourisme de nature et de bien-\u00eatre en encourageant des habitudes saines par le biais d&rsquo;activit\u00e9s de plein air et d&rsquo;exercices physiques.<\/div>\n<\/div>\n<div class=\"objectif-block\">\n<p><img decoding=\"async\" src=\"https:\/\/voyagescanaries.com\/wp-content\/uploads\/2025\/03\/5-150x150.png\" alt=\"Objectif 4\" \/><\/p>\n<div class=\"objectif-text\"><strong>Objectif 4:Formation de qualit\u00e9.<\/strong><br \/>\nNous collaborons avec le d\u00e9partement de l&rsquo;\u00e9ducation pour la formation des nouveaux guides de montagne professionnels en compl\u00e9tant leur formation par un stage \u00e0 la fin de leurs \u00e9tudes dans notre entreprise.<\/div>\n<\/div>\n<div class=\"objectif-block\">\n<p><img decoding=\"async\" src=\"https:\/\/voyagescanaries.com\/wp-content\/uploads\/2025\/03\/6-150x150.png\" alt=\"Objectif 5\" \/><\/p>\n<div class=\"objectif-text\"><strong>Objectif 5:\u00c9galit\u00e9 entre les hommes et les femmes.<\/strong><br \/>\nNous promouvons des situations de travail dans des conditions d&rsquo;\u00e9galit\u00e9 entre les hommes et les femmes, en garantissant les m\u00eames opportunit\u00e9s et les m\u00eames droits.<\/div>\n<\/div>\n<div class=\"objectif-block\">\n<p><img decoding=\"async\" src=\"https:\/\/voyagescanaries.com\/wp-content\/uploads\/2025\/03\/7-150x150.png\" alt=\"Objectif 6\" \/><\/p>\n<div class=\"objectif-text\"><strong>Objectif 6 : Eau et assainissement. <\/strong><br \/>\nNous sommes tr\u00e8s attentifs \u00e0 l&rsquo;utilisation correcte et efficace de l&rsquo;eau. Dans nos bureaux et au cours de nos activit\u00e9s, nous sensibilisons les voyageurs \u00e0 l&rsquo;utilisation responsable de l&rsquo;eau.<\/div>\n<\/div>\n<div class=\"objectif-block\">\n<p><img decoding=\"async\" src=\"https:\/\/voyagescanaries.com\/wp-content\/uploads\/2025\/03\/8-150x150.png\" alt=\"Objectif 7\" \/><\/p>\n<div class=\"objectif-text\"><strong>Objectif 7 : Une \u00e9nergie abordable et durable.<\/strong><br \/>\nIl est tr\u00e8s important pour notre entreprise de r\u00e9duire la consommation d&rsquo;\u00e9nergie afin de r\u00e9duire l&rsquo;effet de serre. Nous consommons des produits locaux afin de r\u00e9duire notre empreinte de transport. Nous r\u00e9duisons et optimisons autant que possible la consommation d&rsquo;\u00e9nergie dans nos bureaux.<\/div>\n<\/div>\n<div class=\"objectif-block\">\n<p><img decoding=\"async\" src=\"https:\/\/voyagescanaries.com\/wp-content\/uploads\/2025\/03\/9-150x150.png\" alt=\"Objectif 8\" \/><\/p>\n<div class=\"objectif-text\"><strong>Objectif 8 : Promouvoir une croissance \u00e9conomique inclusive et durable.<\/strong><br \/>\nNous collaborons avec le Centre sp\u00e9cial pour l&#8217;emploi, agr\u00e9\u00e9 par le minist\u00e8re de l&#8217;emploi et des affaires sociales du gouvernement des \u00eeles Canaries. Ils sont nos fournisseurs d&rsquo;articles de cadeaux durables. Nous collaborons avec le minist\u00e8re de l&rsquo;\u00e9ducation pour la formation de nouveaux guides de montagne professionnels, qui compl\u00e8tent leur formation par un stage \u00e0 la fin de leurs \u00e9tudes dans notre entreprise.<\/div>\n<\/div>\n<div class=\"objectif-block\">\n<p><img decoding=\"async\" src=\"https:\/\/voyagescanaries.com\/wp-content\/uploads\/2025\/03\/10-150x150.png\" alt=\"Objectif 9\" \/><\/p>\n<div class=\"objectif-text\"><strong>Objectif 9 : Innovation et technologie plus durable.<\/strong><br \/>\nNous avons d\u00e9velopp\u00e9 et am\u00e9lior\u00e9 de nouvelles m\u00e9thodes de travail et de nouveaux outils technologiques pour \u00eatre plus efficaces. Nous voulons atteindre nos clients d&rsquo;une mani\u00e8re plus durable et plus efficace.<\/div>\n<\/div>\n<div class=\"objectif-block\">\n<p><img decoding=\"async\" src=\"https:\/\/voyagescanaries.com\/wp-content\/uploads\/2025\/03\/11-150x150.png\" alt=\"Objectif 10\" \/><\/p>\n<div class=\"objectif-text\"><strong>Objectif 10 : Plus d&rsquo;\u00e9galit\u00e9. <\/strong><br \/>\nDans notre bureau, nous consommons des produits issus du commerce \u00e9quitable pour des petits producteurs d&rsquo;autres pays. Nous collaborons \u00e0 la formation des jeunes de l&rsquo;\u00eele afin qu&rsquo;ils puissent acc\u00e9der \u00e0 des emplois qualifi\u00e9s, \u00e9quitables et de qualit\u00e9.<\/div>\n<\/div>\n<div class=\"objectif-block\">\n<p><img decoding=\"async\" src=\"https:\/\/voyagescanaries.com\/wp-content\/uploads\/2025\/03\/12-150x150.png\" alt=\"Objectif 11\" \/><\/p>\n<div class=\"objectif-text\"><strong>Objectif 11 : Villes et communaut\u00e9s durables. <\/strong><br \/>\nNous contribuons \u00e0 la diffusion des valeurs culturelles, patrimoniales et naturelles de notre territoire aupr\u00e8s de nos visiteurs. Nous promouvons l&rsquo;id\u00e9e que nous sommes tous responsables de l&rsquo;entretien et de la conservation de nos traditions et de notre patrimoine.<\/div>\n<\/div>\n<div class=\"objectif-block\">\n<p><img decoding=\"async\" src=\"https:\/\/voyagescanaries.com\/wp-content\/uploads\/2025\/03\/13-150x150.png\" alt=\"Objectif 12\" \/><\/p>\n<div class=\"objectif-text\"><strong>Objectif 12 : Production et consommation durables.<\/strong><br \/>\nNous encourageons la production et la consommation durables en s\u00e9lectionnant des produits locaux et en tenant compte de l&rsquo;\u00e9conomie circulaire. Nous minimisons la production de d\u00e9chets et encourageons le ramassage de tous les d\u00e9tritus trouv\u00e9s lors de nos activit\u00e9s en plein air.<\/div>\n<\/div>\n<div class=\"objectif-block\">\n<p><img decoding=\"async\" src=\"https:\/\/voyagescanaries.com\/wp-content\/uploads\/2025\/03\/14-150x150.png\" alt=\"Objectif 13\" \/><\/p>\n<div class=\"objectif-text\"><strong>Objectif 13 : Mesures de lutte contre le changement climatique.<\/strong><br \/>\nNous encourageons l&rsquo;utilisation des transports publics pour toutes nos activit\u00e9s. Nous utilisons les ressources naturelles de mani\u00e8re durable dans le cadre de nos activit\u00e9s.<\/div>\n<\/div>\n<div class=\"objectif-block\">\n<p><img decoding=\"async\" src=\"https:\/\/voyagescanaries.com\/wp-content\/uploads\/2025\/03\/15-150x150.png\" alt=\"Objectif 14\" \/><\/p>\n<div class=\"objectif-text\"><strong>Objectif 14 : Pr\u00e9server et utiliser les ressources marines de mani\u00e8re durable.<\/strong><br \/>\nPour toutes nos activit\u00e9s aquatiques, nous collaborons avec des entreprises reconnues dans le secteur pour leur professionnalisme et titulaires de licences leur permettant d&rsquo;op\u00e9rer de mani\u00e8re durable dans l&rsquo;environnement marin.<\/div>\n<\/div>\n<div class=\"objectif-block\">\n<p><img decoding=\"async\" src=\"https:\/\/voyagescanaries.com\/wp-content\/uploads\/2025\/03\/16-150x150.png\" alt=\"Objectif 15\" \/><\/p>\n<div class=\"objectif-text\"><strong>Objectif 15 : Protection de la vie et des \u00e9cosyst\u00e8mes terrestres.<\/strong><br \/>\nL&rsquo;objectif principal de notre entreprise est la protection du patrimoine naturel dans lequel nous d\u00e9veloppons toutes nos activit\u00e9s de mani\u00e8re durable. Nous transmettons \u00e0 tous nos voyageurs l&rsquo;importance d&rsquo;appliquer le code de conduite lors de ce type d&rsquo;activit\u00e9s dans la nature.<\/div>\n<\/div>\n<div class=\"objectif-block\">\n<p><img decoding=\"async\" src=\"https:\/\/voyagescanaries.com\/wp-content\/uploads\/2025\/03\/17-150x150.png\" alt=\"Objectif 16\" \/><\/p>\n<div class=\"objectif-text\"><strong>Objectif 16 : La paix, la justice et des institutions fortes.<\/strong><br \/>\n<span style=\"font-weight: 400;\">Nous promouvons l&rsquo;inclusion et le respect des personnes d&rsquo;origine ethnique, de religion, de sexe, d&rsquo;orientation sexuelle ou d&rsquo;opinion diff\u00e9rents.<\/span><\/div>\n<\/div>\n<div class=\"objectif-block\">\n<p><img decoding=\"async\" src=\"https:\/\/voyagescanaries.com\/wp-content\/uploads\/2025\/03\/18-150x150.png\" alt=\"Objectif 17\" \/><\/p>\n<div class=\"objectif-text\"><strong>Objectif 17:Partenariats pour atteindre les objectifs<\/strong>.<br \/>\n<span style=\"font-weight: 400;\">Nous collaborons avec des entreprises qui mettent en \u0153uvre les ODD.<\/span><\/div>\n<\/div>\n<\/div>\n<p>&nbsp;<\/p>\n","protected":false},"excerpt":{"rendered":"<p>Notre mission en mati\u00e8re de durabilit\u00e9\u00a0: \u00ab Notre mission est de soutenir une soci\u00e9t\u00e9 durable et un commerce durable en guidant toutes les parties prenantes vers une plus grande sensibilisation \u00e0 la durabilit\u00e9. Nous visons \u00e0 atteindre cet objectif en minimisant et en att\u00e9nuant les impacts n\u00e9gatifs sur l&rsquo;environnement naturel tout en contribuant activement \u00e0 [&hellip;]<\/p>\n","protected":false},"author":1,"featured_media":225,"parent":0,"menu_order":0,"comment_status":"closed","ping_status":"closed","template":"page-templates\/textos.php","meta":{"_genesis_hide_title":false,"_genesis_hide_breadcrumbs":false,"_genesis_hide_singular_image":false,"_genesis_hide_footer_widgets":false,"_genesis_custom_body_class":"","_genesis_custom_post_class":"","_genesis_layout":"","footnotes":""},"class_list":{"0":"post-540","1":"page","2":"type-page","3":"status-publish","4":"has-post-thumbnail","6":"entry"},"aioseo_notices":[],"_links":{"self":[{"href":"https:\/\/canaventura.es\/fr\/wp-json\/wp\/v2\/pages\/540","targetHints":{"allow":["GET"]}}],"collection":[{"href":"https:\/\/canaventura.es\/fr\/wp-json\/wp\/v2\/pages"}],"about":[{"href":"https:\/\/canaventura.es\/fr\/wp-json\/wp\/v2\/types\/page"}],"author":[{"embeddable":true,"href":"https:\/\/canaventura.es\/fr\/wp-json\/wp\/v2\/users\/1"}],"replies":[{"embeddable":true,"href":"https:\/\/canaventura.es\/fr\/wp-json\/wp\/v2\/comments?post=540"}],"version-history":[{"count":6,"href":"https:\/\/canaventura.es\/fr\/wp-json\/wp\/v2\/pages\/540\/revisions"}],"predecessor-version":[{"id":688,"href":"https:\/\/canaventura.es\/fr\/wp-json\/wp\/v2\/pages\/540\/revisions\/688"}],"wp:featuredmedia":[{"embeddable":true,"href":"https:\/\/canaventura.es\/fr\/wp-json\/wp\/v2\/media\/225"}],"wp:attachment":[{"href":"https:\/\/canaventura.es\/fr\/wp-json\/wp\/v2\/media?parent=540"}],"curies":[{"name":"wp","href":"https:\/\/api.w.org\/{rel}","templated":true}]}}